{"id":8,"date":"2012-10-29T11:46:56","date_gmt":"2012-10-29T10:46:56","guid":{"rendered":"http:\/\/dbkb.pl.dev.b-mind.pl\/?page_id=8"},"modified":"2024-11-30T21:49:28","modified_gmt":"2024-11-30T20:49:28","slug":"o-nas","status":"publish","type":"page","link":"https:\/\/dbkb.pl\/de\/biuro\/o-nas\/","title":{"rendered":"\u00dcber uns"},"content":{"rendered":"<p><\/p>\n<p>Wir sind ein sich dynamisch entwickelndes Team von Fachleuten aus dem Bereich Buchhaltung, Personal, Lohn und Gehalt sowie Steuern.\u00a0Wir erbringen Dienstleistungen f\u00fcr Unternehmer, die sich auf ihr Kerngesch\u00e4ft konzentrieren und die Buchhaltung und Pflichten gegen\u00fcber den Beh\u00f6rden und \u00c4mtern den professionellen Outsourcing-Nehmern (Dienstleistern) anvertrauen wollen.\u00a0F\u00fcr unsere Kunden erarbeiten wir g\u00fcnstige L\u00f6sungen, die im Rahmen der geltenden Vorschriften die Verringerung der Steuerlasten erm\u00f6glichen.\u00a0Wir arbeiten hierbei mit den besten Fachleuten u.a. im Bereich Steuern und Recht zusammen.<\/p>\n<p>Wir sind auf dem Markt f\u00fcr Buchhaltungsdienstleistungen seit 2009 t\u00e4tig. Durch die hohe Qualit\u00e4t der erbrachten Leistungen haben wir Kunden nicht nur aus Gro\u00dfpolen sondern auch aus verschiedenen Regionen von ganz Polen und der Welt gewonnen. Ihr Vertrauen haben uns bereits Kunden aus <strong>Deutschland<\/strong>, <strong>Ungarn<\/strong>, der <strong>Ukraine<\/strong> und <strong>China<\/strong> geschenkt.<\/p>\n<p>Die Betreuung im Bereich Buchhaltung erfolgt in<\/p>\n<ul>\n<li>Polnisch,<\/li>\n<li>Englisch,<\/li>\n<li>Deutsch,<\/li>\n<li>Russisch<\/li>\n<\/ul>\n<p>Wir wenden die modernsten IT-L\u00f6sungen an, wodurch wir noch h\u00f6here Qualit\u00e4t unserer Dienstleistungen erreichen.<\/p>\n<p><\/p>","protected":false},"excerpt":{"rendered":"<p>Wir sind ein sich dynamisch entwickelndes Team von Fachleuten aus dem Bereich Buchhaltung, Personal, Lohn und Gehalt sowie Steuern.\u00a0Wir erbringen Dienstleistungen f\u00fcr Unternehmer, die sich auf ihr Kerngesch\u00e4ft konzentrieren und die Buchhaltung und Pflichten gegen\u00fcber den Beh\u00f6rden und \u00c4mtern den &hellip; <a href=\"https:\/\/dbkb.pl\/de\/biuro\/o-nas\/\">Weiterlesen <span class=\"meta-nav\">&rarr;<\/span><\/a><\/p>\n","protected":false},"author":1,"featured_media":0,"parent":6,"menu_order":0,"comment_status":"closed","ping_status":"closed","template":"","meta":{"footnotes":""},"class_list":["post-8","page","type-page","status-publish","hentry"],"_links":{"self":[{"href":"https:\/\/dbkb.pl\/de\/wp-json\/wp\/v2\/pages\/8","targetHints":{"allow":["GET"]}}],"collection":[{"href":"https:\/\/dbkb.pl\/de\/wp-json\/wp\/v2\/pages"}],"about":[{"href":"https:\/\/dbkb.pl\/de\/wp-json\/wp\/v2\/types\/page"}],"author":[{"embeddable":true,"href":"https:\/\/dbkb.pl\/de\/wp-json\/wp\/v2\/users\/1"}],"replies":[{"embeddable":true,"href":"https:\/\/dbkb.pl\/de\/wp-json\/wp\/v2\/comments?post=8"}],"version-history":[{"count":40,"href":"https:\/\/dbkb.pl\/de\/wp-json\/wp\/v2\/pages\/8\/revisions"}],"predecessor-version":[{"id":1208,"href":"https:\/\/dbkb.pl\/de\/wp-json\/wp\/v2\/pages\/8\/revisions\/1208"}],"up":[{"embeddable":true,"href":"https:\/\/dbkb.pl\/de\/wp-json\/wp\/v2\/pages\/6"}],"wp:attachment":[{"href":"https:\/\/dbkb.pl\/de\/wp-json\/wp\/v2\/media?parent=8"}],"curies":[{"name":"wp","href":"https:\/\/api.w.org\/{rel}","templated":true}]}}