{"id":5,"date":"2012-10-29T14:38:18","date_gmt":"2012-10-29T13:38:18","guid":{"rendered":"http:\/\/dbkb.pl.dev.b-mind.pl\/?page_id=5"},"modified":"2024-11-28T07:50:28","modified_gmt":"2024-11-28T06:50:28","slug":"szkolenia","status":"publish","type":"page","link":"https:\/\/dbkb.pl\/de\/szkolenia\/","title":{"rendered":"Szkolenia"},"content":{"rendered":"<p>Zapraszamy na szkolenia organizowane i prowadzone przez specjalist\u00f3w dbkb.<br \/>Oferujemy szkolenia otwarte i zamkni\u0119te z zakresu podatk\u00f3w, rachunkowo\u015bci i sprawozdawczo\u015bci.<\/p>\r\n<p style=\"text-align: center;\"><a href=\"https:\/\/dbkb.pl\/wp-content\/uploads\/2022\/08\/Szkolenia-oferta-dbkbAiP.pdf\" target=\"_blank\" rel=\"noopener\"><strong>POBIERZ OFERT\u0118 DEDYKOWANYCH SZKOLE\u0143 ZAMKNI\u0118TYCH<\/strong><\/a><\/p>\r\n\r\n\r\n\r\n<p>W najbli\u017cszym czasie odb\u0119d\u0105 si\u0119 nast\u0119puj\u0105ce <strong>szkolenia otwarte<\/strong>:<\/p>\r\n<p>&nbsp;<\/p>\r\n\r\n<p><style>iframe { width: 1px; min-width: 100%; }<\/style>\r\n<iframe src=\"https:\/\/event-list.konfeo.com\/pl\/da6ff970-39e8-4d0b-b8bc-8ab593c45399\"\r\nid=\"eventlist\" onload=\"iFrameResize({}, '#eventlist')\" frameborder=\"0\"><\/iframe>\r\n<script type=\"text\/javascript\" src=\"https:\/\/event-list.konfeo.com\/iframeResizer-4.min.js\"><\/script><\/p>\r\n\r\n<p>Pozosta\u0142e szkolenia prowadzone przez nasz zesp\u00f3\u0142:<\/p>\r\n\r\n\r\n\r\n<h2 class=\"wp-block-heading\"><strong><span style=\"text-decoration: underline;\">Szkolenia dla &#8222;nie-ksi\u0119gowych<\/span><\/strong><span style=\"text-decoration: underline;\">&#8222;<\/span><\/h2>\r\n\r\n\r\n\r\n<p><strong><em>Zak\u0142adam swoj\u0105 firm\u0119! Co powinienem wiedzie\u0107 o podatkach i ZUSie?<\/em><\/strong><\/p>\r\n\r\n\r\n\r\n<p><em>Termin:<\/em> <strong>wkr\u00f3tce nowa edycja<\/strong><br \/>Miejsce: Stowarzyszenie Ksi\u0119gowych w Polsce, Pozna\u0144, ul. Zi\u0119bicka 18<br \/>Prowadz\u0105cy: Krzysztof Blimel<\/p>\r\n\r\n\r\n\r\n<h2 class=\"wp-block-heading\"><strong><span style=\"text-decoration: underline;\">Szkolenia dla ksi\u0119gowych<\/span><\/strong><\/h2>\r\n\r\n\r\n\r\n<p><em><strong>Sprawozdanie finansowe po raz pierwszy \u2013 warsztaty praktyczne<\/strong><\/em><\/p>\r\n<p><em>Termin:<\/em> kolejne edycje jesieni\u0105 2024<br \/><em>Miejsce:<\/em> Stowarzyszenie Ksi\u0119gowych w Polsce, Pozna\u0144, ul. Zi\u0119bicka 18<br \/>Prowadz\u0105cy: Krzysztof Blimel<\/p>\r\n<h2><strong><span style=\"text-decoration: underline;\">Szkolenia dla bieg\u0142ych rewident\u00f3w<\/span><\/strong><\/h2>\r\n<p>\r\n\r\n<\/p>\r\n<p><a href=\"https:\/\/ce.pibr.org.pl\/pl\/kursy\/237,CIT-estonski-wplyw-na-dane-prezentacyjne-i-bilansowe-spolki\" target=\"_blank\" rel=\"noopener\"><em><strong>CIT esto\u0144ski &#8211; wp\u0142yw na dane prezentacyjne i bilansowe sp\u00f3\u0142ki<\/strong><\/em><\/a><\/p>\r\n<p><em>Terminy:<\/em> wkr\u00f3tce kolejna edycja<br \/><em>Miejsce:<\/em> Centrum Edukacji Polskiej Izby Bieg\u0142ych Rewident\u00f3w, on-line<br \/>Prowadz\u0105cy: Krzysztof Blimel<br \/><strong>Szkolenie zalicza samokszta\u0142cenie<\/strong><\/p>\r\n<p><a href=\"https:\/\/skwp.poznan.pl\/terminy-szkolen\/przychody-ze-sprzedazy-zasady-rachunkowosci-i-metodologia-badania-z-uwzglednieniem-najczesciej-wystepujacych-nieprawidlowosci-poznan-05-11-2024\/\" target=\"_blank\" rel=\"noopener\"><strong><em>Przychody ze sprzeda\u017cy &#8211; zasady rachunkowo\u015bci i metodologia badania<\/em><\/strong><\/a><\/p>\r\n<p>\r\n\r\n<\/p>\r\n<p><em>Termin:<\/em> 05.11.2024 i 06.11.2024 od 09:00 do 16:00 (16h)<br \/><em>Miejsce:<\/em> Stowarzyszenie Ksi\u0119gowych w Polsce, on-line<br \/>Prowadz\u0105cy: Krzysztof Blimel<br \/><strong>Szkolenie zalicza obligatoryjne doskonalenie zawodowe<\/strong><\/p>\r\n\r\n<p><\/p>","protected":false},"excerpt":{"rendered":"<p>Zapraszamy na szkolenia organizowane i prowadzone przez specjalist\u00f3w dbkb.Oferujemy szkolenia otwarte i zamkni\u0119te z zakresu podatk\u00f3w, rachunkowo\u015bci i sprawozdawczo\u015bci. POBIERZ OFERT\u0118 DEDYKOWANYCH SZKOLE\u0143 ZAMKNI\u0118TYCH W najbli\u017cszym czasie odb\u0119d\u0105 si\u0119 nast\u0119puj\u0105ce szkolenia otwarte: &nbsp; Pozosta\u0142e szkolenia prowadzone przez nasz zesp\u00f3\u0142: Szkolenia &hellip; <a href=\"https:\/\/dbkb.pl\/de\/szkolenia\/\">Weiterlesen <span class=\"meta-nav\">&rarr;<\/span><\/a><\/p>\n","protected":false},"author":1,"featured_media":0,"parent":0,"menu_order":23,"comment_status":"closed","ping_status":"closed","template":"bmindpagenoleftmenu.php","meta":{"footnotes":""},"class_list":["post-5","page","type-page","status-publish","hentry"],"_links":{"self":[{"href":"https:\/\/dbkb.pl\/de\/wp-json\/wp\/v2\/pages\/5","targetHints":{"allow":["GET"]}}],"collection":[{"href":"https:\/\/dbkb.pl\/de\/wp-json\/wp\/v2\/pages"}],"about":[{"href":"https:\/\/dbkb.pl\/de\/wp-json\/wp\/v2\/types\/page"}],"author":[{"embeddable":true,"href":"https:\/\/dbkb.pl\/de\/wp-json\/wp\/v2\/users\/1"}],"replies":[{"embeddable":true,"href":"https:\/\/dbkb.pl\/de\/wp-json\/wp\/v2\/comments?post=5"}],"version-history":[{"count":3,"href":"https:\/\/dbkb.pl\/de\/wp-json\/wp\/v2\/pages\/5\/revisions"}],"predecessor-version":[{"id":1204,"href":"https:\/\/dbkb.pl\/de\/wp-json\/wp\/v2\/pages\/5\/revisions\/1204"}],"wp:attachment":[{"href":"https:\/\/dbkb.pl\/de\/wp-json\/wp\/v2\/media?parent=5"}],"curies":[{"name":"wp","href":"https:\/\/api.w.org\/{rel}","templated":true}]}}