{"id":297,"date":"2012-11-05T09:57:58","date_gmt":"2012-11-05T08:57:58","guid":{"rendered":"http:\/\/dbkb.pl.dev.b-mind.pl\/?page_id=297"},"modified":"2022-08-06T17:38:34","modified_gmt":"2022-08-06T15:38:34","slug":"model-obslugi","status":"publish","type":"page","link":"https:\/\/dbkb.pl\/de\/biuro\/model-obslugi\/","title":{"rendered":"Betreuungsmodell"},"content":{"rendered":"<p>Zu den Aufgaben der Kunden geh\u00f6rt ausschlie\u00dflich die Vorbereitung von Unterlagen und Belegen und deren \u00dcbergabe an die dbkb.pl zur weiteren Bearbeitung.<br \/>\nDer Kunde erh\u00e4lt von der dbkb.pl fertige Berichte und Auswertungen.<br \/>\nWir k\u00f6nnen auch den Kunden vor Beh\u00f6rden und \u00c4mtern vertreten, so dass er sich weder z.B. mit dem zust\u00e4ndigen Finanzamt noch mit der zust\u00e4ndigen Niederlassung der Sozialversicherungsanstalt ZUS kontaktieren muss.<br \/>\nIhre Fragen beantworten wir zeitnah.<br \/>\nUnsere Zusammenarbeit erfolgt bei minimalem Zeitaufwand Ihrerseits.<br \/>\nDer grundlegende Kommunikationskanal ist die E Mail, aber auch Telefon und Skype.<br \/>\nWir verschlie\u00dfen uns aber nicht der traditionellen Form der Betreuung.<br \/>\nBesuchen Sie uns bitte in unseren B\u00fcros in Rokietnica, Szamotu\u0142y und Pozna\u0144.<\/p>\n<h2>Die Vorz\u00fcge von dbkb.pl, die unser Angebot auf dem Markt von anderen unterscheiden lassen:<\/h2>\n<ul>\n<li>zu Ihrer Verf\u00fcgung steht ein Spezialistenteam aus dem Bereich Buchhaltung, Personal, Lohn und Gehalt, Steuern und Recht,<\/li>\n<li>zweifache Pr\u00fcfung \u2013 verringertes Risiko der Fehlerentstehung durch jedesmalige Verifizierung der geleisteten Arbeit durch einen zweiten Mitarbeiter,<\/li>\n<li>\u00dcbertragung der strafrechtlichen Verantwortung auf das Rechnungsb\u00fcro \u2013 wir decken die Kosten der durch die Beh\u00f6rden und \u00c4mter berechneten Strafen und Zinsen. Neben der obligatorischen Haftpflichtversicherung verf\u00fcgen wir \u00fcber eine zus\u00e4tzliche freiwillige Versicherung, wodurch Ihre Sicherheit bei Notwendigkeit der Zahlung von eventuellen Strafen zus\u00e4tzlich erh\u00f6ht wird.<\/li>\n<\/ul>\n<p><\/p>","protected":false},"excerpt":{"rendered":"<p>Zu den Aufgaben der Kunden geh\u00f6rt ausschlie\u00dflich die Vorbereitung von Unterlagen und Belegen und deren \u00dcbergabe an die dbkb.pl zur weiteren Bearbeitung. Der Kunde erh\u00e4lt von der dbkb.pl fertige Berichte und Auswertungen. Wir k\u00f6nnen auch den Kunden vor Beh\u00f6rden und &hellip; <a href=\"https:\/\/dbkb.pl\/de\/biuro\/model-obslugi\/\">Weiterlesen <span class=\"meta-nav\">&rarr;<\/span><\/a><\/p>\n","protected":false},"author":1,"featured_media":0,"parent":6,"menu_order":5,"comment_status":"closed","ping_status":"open","template":"","meta":{"footnotes":""},"class_list":["post-297","page","type-page","status-publish","hentry"],"_links":{"self":[{"href":"https:\/\/dbkb.pl\/de\/wp-json\/wp\/v2\/pages\/297","targetHints":{"allow":["GET"]}}],"collection":[{"href":"https:\/\/dbkb.pl\/de\/wp-json\/wp\/v2\/pages"}],"about":[{"href":"https:\/\/dbkb.pl\/de\/wp-json\/wp\/v2\/types\/page"}],"author":[{"embeddable":true,"href":"https:\/\/dbkb.pl\/de\/wp-json\/wp\/v2\/users\/1"}],"replies":[{"embeddable":true,"href":"https:\/\/dbkb.pl\/de\/wp-json\/wp\/v2\/comments?post=297"}],"version-history":[{"count":13,"href":"https:\/\/dbkb.pl\/de\/wp-json\/wp\/v2\/pages\/297\/revisions"}],"predecessor-version":[{"id":969,"href":"https:\/\/dbkb.pl\/de\/wp-json\/wp\/v2\/pages\/297\/revisions\/969"}],"up":[{"embeddable":true,"href":"https:\/\/dbkb.pl\/de\/wp-json\/wp\/v2\/pages\/6"}],"wp:attachment":[{"href":"https:\/\/dbkb.pl\/de\/wp-json\/wp\/v2\/media?parent=297"}],"curies":[{"name":"wp","href":"https:\/\/api.w.org\/{rel}","templated":true}]}}