{"id":21,"date":"2012-10-29T11:50:12","date_gmt":"2012-10-29T10:50:12","guid":{"rendered":"http:\/\/dbkb.pl.dev.b-mind.pl\/?page_id=21"},"modified":"2012-11-08T13:54:30","modified_gmt":"2012-11-08T12:54:30","slug":"ksiegowosc","status":"publish","type":"page","link":"https:\/\/dbkb.pl\/de\/uslugi\/ksiegowosc\/","title":{"rendered":"Buchhaltung"},"content":{"rendered":"<p>Unser qualifiziertes Team wird Ihre firmeneigene Buchhaltung \u00fcbernehmen. Im Rahmen der buchhalterischen Standardbetreuung bieten wir:<\/p>\n<ul>\n<li>F\u00fchren von Handelsb\u00fcchern (vollst\u00e4ndige Buchhaltung) einschlie\u00dflich von Steuerb\u00fcchern,<\/li>\n<li>F\u00fchren von Steuerb\u00fcchern: Steuerbuch f\u00fcr Einnahmen und Ausgaben sowie steuerliche Erfassung von Umsatzerl\u00f6sen,<\/li>\n<li>Erfassung und Abrechnung der Mehrwertsteuer.<\/li>\n<\/ul>\n<p>In Ihrem Namen werden wir alle erforderlichen Auswertungen und Steuererkl\u00e4rungen vorbereiten und diese an die zust\u00e4ndigen Beh\u00f6rden und \u00c4mter \u00fcbergeben.<\/p>\n<p>F\u00fcr Personen, die eine Einmann-Gewerbet\u00e4tigkeit aus\u00fcben, sind im Rahmen der Buchhaltungsdienstleistungen ebenfalls die Abrechnungen mit der Sozialversicherungsanstalt ZUS enthalten.<\/p>","protected":false},"excerpt":{"rendered":"<p>Unser qualifiziertes Team wird Ihre firmeneigene Buchhaltung \u00fcbernehmen. Im Rahmen der buchhalterischen Standardbetreuung bieten wir: F\u00fchren von Handelsb\u00fcchern (vollst\u00e4ndige Buchhaltung) einschlie\u00dflich von Steuerb\u00fcchern, F\u00fchren von Steuerb\u00fcchern: Steuerbuch f\u00fcr Einnahmen und Ausgaben sowie steuerliche Erfassung von Umsatzerl\u00f6sen, Erfassung und Abrechnung der &hellip; <a href=\"https:\/\/dbkb.pl\/de\/uslugi\/ksiegowosc\/\">Weiterlesen <span class=\"meta-nav\">&rarr;<\/span><\/a><\/p>\n","protected":false},"author":1,"featured_media":0,"parent":16,"menu_order":0,"comment_status":"open","ping_status":"open","template":"pageWithoutWhatsNew.php","meta":{"footnotes":""},"class_list":["post-21","page","type-page","status-publish","hentry"],"_links":{"self":[{"href":"https:\/\/dbkb.pl\/de\/wp-json\/wp\/v2\/pages\/21","targetHints":{"allow":["GET"]}}],"collection":[{"href":"https:\/\/dbkb.pl\/de\/wp-json\/wp\/v2\/pages"}],"about":[{"href":"https:\/\/dbkb.pl\/de\/wp-json\/wp\/v2\/types\/page"}],"author":[{"embeddable":true,"href":"https:\/\/dbkb.pl\/de\/wp-json\/wp\/v2\/users\/1"}],"replies":[{"embeddable":true,"href":"https:\/\/dbkb.pl\/de\/wp-json\/wp\/v2\/comments?post=21"}],"version-history":[{"count":7,"href":"https:\/\/dbkb.pl\/de\/wp-json\/wp\/v2\/pages\/21\/revisions"}],"predecessor-version":[{"id":475,"href":"https:\/\/dbkb.pl\/de\/wp-json\/wp\/v2\/pages\/21\/revisions\/475"}],"up":[{"embeddable":true,"href":"https:\/\/dbkb.pl\/de\/wp-json\/wp\/v2\/pages\/16"}],"wp:attachment":[{"href":"https:\/\/dbkb.pl\/de\/wp-json\/wp\/v2\/media?parent=21"}],"curies":[{"name":"wp","href":"https:\/\/api.w.org\/{rel}","templated":true}]}}