{"id":178,"date":"2012-11-03T14:09:08","date_gmt":"2012-11-03T13:09:08","guid":{"rendered":"http:\/\/dbkb.pl.dev.b-mind.pl\/?page_id=178"},"modified":"2021-09-18T17:22:31","modified_gmt":"2021-09-18T15:22:31","slug":"pozostale-uslugi","status":"publish","type":"page","link":"https:\/\/dbkb.pl\/de\/uslugi\/pozostale-uslugi\/","title":{"rendered":"Weitere Dienstleistungen"},"content":{"rendered":"<p><\/p>\n<ul>\n<li>Anmeldung von Einmann-Gewerbet\u00e4tigkeit,<\/li>\n<li>komplexe Betreuung bei der Errichtung von Gesellschaften b\u00fcrgerlichen Rechts ,<\/li>\n<li>Anmeldung von Firmen beim zust\u00e4ndigen Finanzamt, statistischen Amt und bei der Sozialversicherungsanstalt ZUS,<\/li>\n<li>Organisation der Arbeit von Buchhaltungsabteilungen des Kunden,<\/li>\n<li>Ausl\u00f6sen von \u00dcberweisungen im Kundennamen.<\/li>\n<\/ul>\n<p><\/p>","protected":false},"excerpt":{"rendered":"<p>Anmeldung von Einmann-Gewerbet\u00e4tigkeit, komplexe Betreuung bei der Errichtung von Gesellschaften b\u00fcrgerlichen Rechts , Anmeldung von Firmen beim zust\u00e4ndigen Finanzamt, statistischen Amt und bei der Sozialversicherungsanstalt ZUS, Organisation der Arbeit von Buchhaltungsabteilungen des Kunden, Ausl\u00f6sen von \u00dcberweisungen im Kundennamen.<\/p>\n","protected":false},"author":1,"featured_media":0,"parent":16,"menu_order":71,"comment_status":"closed","ping_status":"open","template":"pageWithoutWhatsNew.php","meta":{"footnotes":""},"class_list":["post-178","page","type-page","status-publish","hentry"],"_links":{"self":[{"href":"https:\/\/dbkb.pl\/de\/wp-json\/wp\/v2\/pages\/178","targetHints":{"allow":["GET"]}}],"collection":[{"href":"https:\/\/dbkb.pl\/de\/wp-json\/wp\/v2\/pages"}],"about":[{"href":"https:\/\/dbkb.pl\/de\/wp-json\/wp\/v2\/types\/page"}],"author":[{"embeddable":true,"href":"https:\/\/dbkb.pl\/de\/wp-json\/wp\/v2\/users\/1"}],"replies":[{"embeddable":true,"href":"https:\/\/dbkb.pl\/de\/wp-json\/wp\/v2\/comments?post=178"}],"version-history":[{"count":8,"href":"https:\/\/dbkb.pl\/de\/wp-json\/wp\/v2\/pages\/178\/revisions"}],"predecessor-version":[{"id":826,"href":"https:\/\/dbkb.pl\/de\/wp-json\/wp\/v2\/pages\/178\/revisions\/826"}],"up":[{"embeddable":true,"href":"https:\/\/dbkb.pl\/de\/wp-json\/wp\/v2\/pages\/16"}],"wp:attachment":[{"href":"https:\/\/dbkb.pl\/de\/wp-json\/wp\/v2\/media?parent=178"}],"curies":[{"name":"wp","href":"https:\/\/api.w.org\/{rel}","templated":true}]}}