{"id":172,"date":"2012-11-03T14:08:22","date_gmt":"2012-11-03T13:08:22","guid":{"rendered":"http:\/\/dbkb.pl.dev.b-mind.pl\/?page_id=172"},"modified":"2021-11-06T14:38:29","modified_gmt":"2021-11-06T13:38:29","slug":"podatki","status":"publish","type":"page","link":"https:\/\/dbkb.pl\/de\/uslugi\/podatki\/","title":{"rendered":"Steuerberatung"},"content":{"rendered":"<p>Wir arbeiten zusammen mit einem staatlich anerkannten Steuerberater, wodurch unsere Kunden garantiert eine komplexe Unterst\u00fctzung im Bereich der abzuwickelnden Gesch\u00e4fte und deren Abrechnung in \u00dcbereinstimmung mit den Vorschriften des geltenden Steuerrechts erhalten.<\/p>\n<p>Zum Umfang der angebotenen steuerrechtlichen Unterst\u00fctzung geh\u00f6ren insbesondere:<\/p>\n<ul>\n<li>laufende Steuerberatung im Bereich Einkommensteuer von nat\u00fcrlichen Personen, K\u00f6rperschaftssteuer (darunter betreffend die Vermeidung der Doppelbesteuerung von den im Ausland erzielten Eink\u00fcnften), Steuer auf Waren und Dienstleistungen (Mehrwertsteuer), Immobiliensteuer, Steuer auf zivilrechtliche Handlungen sowie sonstige \u00f6ffentlich-rechtliche Abgaben,<\/li>\n<li>Analyse der von Kunden abgeschlossenen Gesch\u00e4fte unter dem Blickwinkel der Identifikation und Beschr\u00e4nkung von Bereichen der Steuerrisiken sowie der Identifikation und Umsetzung von M\u00f6glichkeiten der Steueroptimierung,<\/li>\n<li>Unterst\u00fctzung im Bereich der laufenden Kontrollen und steuerrechtlichen Verfahren sowie bei Streitigkeiten vor Verwaltungsgerichten,<\/li>\n<li>Beratung im Bereich Restrukturierungsprozesse der Unternehmen,<\/li>\n<li>Beratung im Bereich der sog. Transferpreise sowie der Pflichten zur Erstellung von Unterlagen, die mit diesen Preisen verbunden sind,<\/li>\n<li>Hilfe bei Einholung von individuellen Auslegungen von Vorschriften des Steuerrechts, die vom Finanzminister erlassen werden.<\/li>\n<\/ul>\n<p><\/p>","protected":false},"excerpt":{"rendered":"<p>Wir arbeiten zusammen mit einem staatlich anerkannten Steuerberater, wodurch unsere Kunden garantiert eine komplexe Unterst\u00fctzung im Bereich der abzuwickelnden Gesch\u00e4fte und deren Abrechnung in \u00dcbereinstimmung mit den Vorschriften des geltenden Steuerrechts erhalten. Zum Umfang der angebotenen steuerrechtlichen Unterst\u00fctzung geh\u00f6ren insbesondere: &hellip; <a href=\"https:\/\/dbkb.pl\/de\/uslugi\/podatki\/\">Weiterlesen <span class=\"meta-nav\">&rarr;<\/span><\/a><\/p>\n","protected":false},"author":1,"featured_media":0,"parent":16,"menu_order":40,"comment_status":"closed","ping_status":"closed","template":"pageWithoutWhatsNew.php","meta":{"footnotes":""},"class_list":["post-172","page","type-page","status-publish","hentry"],"_links":{"self":[{"href":"https:\/\/dbkb.pl\/de\/wp-json\/wp\/v2\/pages\/172","targetHints":{"allow":["GET"]}}],"collection":[{"href":"https:\/\/dbkb.pl\/de\/wp-json\/wp\/v2\/pages"}],"about":[{"href":"https:\/\/dbkb.pl\/de\/wp-json\/wp\/v2\/types\/page"}],"author":[{"embeddable":true,"href":"https:\/\/dbkb.pl\/de\/wp-json\/wp\/v2\/users\/1"}],"replies":[{"embeddable":true,"href":"https:\/\/dbkb.pl\/de\/wp-json\/wp\/v2\/comments?post=172"}],"version-history":[{"count":24,"href":"https:\/\/dbkb.pl\/de\/wp-json\/wp\/v2\/pages\/172\/revisions"}],"predecessor-version":[{"id":986,"href":"https:\/\/dbkb.pl\/de\/wp-json\/wp\/v2\/pages\/172\/revisions\/986"}],"up":[{"embeddable":true,"href":"https:\/\/dbkb.pl\/de\/wp-json\/wp\/v2\/pages\/16"}],"wp:attachment":[{"href":"https:\/\/dbkb.pl\/de\/wp-json\/wp\/v2\/media?parent=172"}],"curies":[{"name":"wp","href":"https:\/\/api.w.org\/{rel}","templated":true}]}}