{"id":170,"date":"2012-11-03T14:08:06","date_gmt":"2012-11-03T13:08:06","guid":{"rendered":"http:\/\/dbkb.pl.dev.b-mind.pl\/?page_id=170"},"modified":"2012-11-08T14:27:28","modified_gmt":"2012-11-08T13:27:28","slug":"nadzor-ksiegowy-i-podatkowy","status":"publish","type":"page","link":"https:\/\/dbkb.pl\/de\/uslugi\/nadzor-ksiegowy-i-podatkowy\/","title":{"rendered":"Buchhalterische und steuerliche Aufsicht"},"content":{"rendered":"<p>Die Aus\u00fcbung der Aufsicht beruht auf der Verifizierung von B\u00fcchern, welche eigenst\u00e4ndig vom Kunden oder von seinen Mitarbeitern gef\u00fchrt werden.<br \/>\nDadurch k\u00f6nnen wir die Funktion des Hauptbuchhalters in der betreffenden Gesellschaft \u00fcbernehmen.<br \/>\nWir k\u00f6nnen auch die \u00dcbernahme der Verantwortung f\u00fcr die Korrektheit der Berechnung von Steuerverbindlichkeiten \u00fcbernehmen.<br \/>\n<\/p>","protected":false},"excerpt":{"rendered":"<p>Die Aus\u00fcbung der Aufsicht beruht auf der Verifizierung von B\u00fcchern, welche eigenst\u00e4ndig vom Kunden oder von seinen Mitarbeitern gef\u00fchrt werden. Dadurch k\u00f6nnen wir die Funktion des Hauptbuchhalters in der betreffenden Gesellschaft \u00fcbernehmen. Wir k\u00f6nnen auch die \u00dcbernahme der Verantwortung f\u00fcr &hellip; <a href=\"https:\/\/dbkb.pl\/de\/uslugi\/nadzor-ksiegowy-i-podatkowy\/\">Weiterlesen <span class=\"meta-nav\">&rarr;<\/span><\/a><\/p>\n","protected":false},"author":1,"featured_media":0,"parent":16,"menu_order":30,"comment_status":"closed","ping_status":"open","template":"pageWithoutWhatsNew.php","meta":{"footnotes":""},"class_list":["post-170","page","type-page","status-publish","hentry"],"_links":{"self":[{"href":"https:\/\/dbkb.pl\/de\/wp-json\/wp\/v2\/pages\/170","targetHints":{"allow":["GET"]}}],"collection":[{"href":"https:\/\/dbkb.pl\/de\/wp-json\/wp\/v2\/pages"}],"about":[{"href":"https:\/\/dbkb.pl\/de\/wp-json\/wp\/v2\/types\/page"}],"author":[{"embeddable":true,"href":"https:\/\/dbkb.pl\/de\/wp-json\/wp\/v2\/users\/1"}],"replies":[{"embeddable":true,"href":"https:\/\/dbkb.pl\/de\/wp-json\/wp\/v2\/comments?post=170"}],"version-history":[{"count":4,"href":"https:\/\/dbkb.pl\/de\/wp-json\/wp\/v2\/pages\/170\/revisions"}],"predecessor-version":[{"id":491,"href":"https:\/\/dbkb.pl\/de\/wp-json\/wp\/v2\/pages\/170\/revisions\/491"}],"up":[{"embeddable":true,"href":"https:\/\/dbkb.pl\/de\/wp-json\/wp\/v2\/pages\/16"}],"wp:attachment":[{"href":"https:\/\/dbkb.pl\/de\/wp-json\/wp\/v2\/media?parent=170"}],"curies":[{"name":"wp","href":"https:\/\/api.w.org\/{rel}","templated":true}]}}