{"id":168,"date":"2012-11-03T14:07:48","date_gmt":"2012-11-03T13:07:48","guid":{"rendered":"http:\/\/dbkb.pl.dev.b-mind.pl\/?page_id=168"},"modified":"2012-11-08T14:26:15","modified_gmt":"2012-11-08T13:26:15","slug":"sprawozdawczosc","status":"publish","type":"page","link":"https:\/\/dbkb.pl\/de\/uslugi\/sprawozdawczosc\/","title":{"rendered":"Berichterstattung"},"content":{"rendered":"<p>Die Berichterstattung stellt einen sehr wichtigen Aspekt jeder Gesch\u00e4ftst\u00e4tigkeit dar.<\/p>\n<p>Im Rahmen der von uns angebotenen Dienstleistungen schlagen wir entsprechende Berichterstattung sowohl f\u00fcr den internen als auch f\u00fcr den externen Bedarf vor.<\/p>\n<ul>\n<li>Wir bereiten Jahresabschl\u00fcsse nach den polnischen und internationalen Rechnungslegungsstandards vor,<\/li>\n<li>Wir erstellen gesetzlich vorgeschriebene Berichte u.a. f\u00fcr den Bedarf des statistischen Amtes,<\/li>\n<li>Wir erstellen Berichte und Auswertungen f\u00fcr den kundeneigenen Bedarf nach individuellen Anforderungen und Erwartungen<\/li>\n<\/ul>\n<p><\/p>","protected":false},"excerpt":{"rendered":"<p>Die Berichterstattung stellt einen sehr wichtigen Aspekt jeder Gesch\u00e4ftst\u00e4tigkeit dar. Im Rahmen der von uns angebotenen Dienstleistungen schlagen wir entsprechende Berichterstattung sowohl f\u00fcr den internen als auch f\u00fcr den externen Bedarf vor. Wir bereiten Jahresabschl\u00fcsse nach den polnischen und internationalen &hellip; <a href=\"https:\/\/dbkb.pl\/de\/uslugi\/sprawozdawczosc\/\">Weiterlesen <span class=\"meta-nav\">&rarr;<\/span><\/a><\/p>\n","protected":false},"author":1,"featured_media":0,"parent":16,"menu_order":20,"comment_status":"closed","ping_status":"open","template":"pageWithoutWhatsNew.php","meta":{"footnotes":""},"class_list":["post-168","page","type-page","status-publish","hentry"],"_links":{"self":[{"href":"https:\/\/dbkb.pl\/de\/wp-json\/wp\/v2\/pages\/168","targetHints":{"allow":["GET"]}}],"collection":[{"href":"https:\/\/dbkb.pl\/de\/wp-json\/wp\/v2\/pages"}],"about":[{"href":"https:\/\/dbkb.pl\/de\/wp-json\/wp\/v2\/types\/page"}],"author":[{"embeddable":true,"href":"https:\/\/dbkb.pl\/de\/wp-json\/wp\/v2\/users\/1"}],"replies":[{"embeddable":true,"href":"https:\/\/dbkb.pl\/de\/wp-json\/wp\/v2\/comments?post=168"}],"version-history":[{"count":5,"href":"https:\/\/dbkb.pl\/de\/wp-json\/wp\/v2\/pages\/168\/revisions"}],"predecessor-version":[{"id":489,"href":"https:\/\/dbkb.pl\/de\/wp-json\/wp\/v2\/pages\/168\/revisions\/489"}],"up":[{"embeddable":true,"href":"https:\/\/dbkb.pl\/de\/wp-json\/wp\/v2\/pages\/16"}],"wp:attachment":[{"href":"https:\/\/dbkb.pl\/de\/wp-json\/wp\/v2\/media?parent=168"}],"curies":[{"name":"wp","href":"https:\/\/api.w.org\/{rel}","templated":true}]}}