{"id":14,"date":"2012-10-29T11:47:58","date_gmt":"2012-10-29T10:47:58","guid":{"rendered":"http:\/\/dbkb.pl.dev.b-mind.pl\/?page_id=14"},"modified":"2021-09-18T16:22:59","modified_gmt":"2021-09-18T14:22:59","slug":"csr","status":"publish","type":"page","link":"https:\/\/dbkb.pl\/de\/biuro\/csr\/","title":{"rendered":"CSR"},"content":{"rendered":"<p>Wir sind gesellschaftlich verantwortliche Firma.<br \/>\nWir sind der Auffassung, dass jede Firma, auch die unsere, nach dem Konzept der gesellschaftlichen Verantwortung des Business t\u00e4tig sein kann.<br \/>\nNachstehend legen wir einige von uns getroffene Ma\u00dfnahmen dar.<\/p>\n<h2>\u00d6kologische Ma\u00dfnahmen:<\/h2>\n<ul>\n<li>Wir verwenden umweltfreundliches B\u00fcromaterial,<\/li>\n<li>Wir verwenden elektronische Signatur zur Reduzierung von papiernen Dokumenten,<\/li>\n<li>Unter unseren Kunden verbreiten wir die Idee der Verwendung von e-Rechnungen, die die Menge des verbrauchten Papiers reduzieren lassen<\/li>\n<\/ul>\n<h2>Ma\u00dfnahmen zugunsten der Mitarbeiter<\/h2>\n<ul>\n<li>Wir unterst\u00fctzen junge M\u00fctter bei der R\u00fcckkehr in den Beruf, damit diese die Mutterschaft genie\u00dfen k\u00f6nnen und gleichzeitig die M\u00f6glichkeit der beruflichen Entwicklung nicht verlieren,<\/li>\n<li>Wir f\u00fchren Programme der entgeltlichen Studentenpraktika, durch welche Studenten wertvolle Erfahrung gewinnen k\u00f6nnen; nach Abschluss der Praktika bieten wir weitere Zusammenarbeit an,<\/li>\n<li>Wir investieren in die Entwicklung der beruflichen Kompetenzen unserer Mitarbeiter, erm\u00f6glichen die Weiterbildung nicht nur im Bereich Accounting Knowledge, aber auch hinsichtlich der Soft Skills,<\/li>\n<li>Unsere Mitarbeiter werden aktiv integriert, damit sie ein sich erg\u00e4nzendes Team bilden.<\/li>\n<\/ul>\n<h2>Ethik im Business und Sozialaktivit\u00e4ten:<\/h2>\n<ul>\n<li>Wir sind Unterzeichner des \u201eKodex f\u00fcr berufliche Ethik im Rechnungswesen\u201c des Buchhalterverbandes in Polen.<\/li>\n<\/ul>\n<p><\/p>","protected":false},"excerpt":{"rendered":"<p>Wir sind gesellschaftlich verantwortliche Firma. Wir sind der Auffassung, dass jede Firma, auch die unsere, nach dem Konzept der gesellschaftlichen Verantwortung des Business t\u00e4tig sein kann. Nachstehend legen wir einige von uns getroffene Ma\u00dfnahmen dar. \u00d6kologische Ma\u00dfnahmen: Wir verwenden umweltfreundliches &hellip; <a href=\"https:\/\/dbkb.pl\/de\/biuro\/csr\/\">Weiterlesen <span class=\"meta-nav\">&rarr;<\/span><\/a><\/p>\n","protected":false},"author":1,"featured_media":0,"parent":6,"menu_order":30,"comment_status":"open","ping_status":"open","template":"","meta":{"footnotes":""},"class_list":["post-14","page","type-page","status-publish","hentry"],"_links":{"self":[{"href":"https:\/\/dbkb.pl\/de\/wp-json\/wp\/v2\/pages\/14","targetHints":{"allow":["GET"]}}],"collection":[{"href":"https:\/\/dbkb.pl\/de\/wp-json\/wp\/v2\/pages"}],"about":[{"href":"https:\/\/dbkb.pl\/de\/wp-json\/wp\/v2\/types\/page"}],"author":[{"embeddable":true,"href":"https:\/\/dbkb.pl\/de\/wp-json\/wp\/v2\/users\/1"}],"replies":[{"embeddable":true,"href":"https:\/\/dbkb.pl\/de\/wp-json\/wp\/v2\/comments?post=14"}],"version-history":[{"count":7,"href":"https:\/\/dbkb.pl\/de\/wp-json\/wp\/v2\/pages\/14\/revisions"}],"predecessor-version":[{"id":816,"href":"https:\/\/dbkb.pl\/de\/wp-json\/wp\/v2\/pages\/14\/revisions\/816"}],"up":[{"embeddable":true,"href":"https:\/\/dbkb.pl\/de\/wp-json\/wp\/v2\/pages\/6"}],"wp:attachment":[{"href":"https:\/\/dbkb.pl\/de\/wp-json\/wp\/v2\/media?parent=14"}],"curies":[{"name":"wp","href":"https:\/\/api.w.org\/{rel}","templated":true}]}}